{"id":5355,"date":"2026-02-24T13:28:59","date_gmt":"2026-02-24T13:28:59","guid":{"rendered":"https:\/\/horecasupply.ro\/?post_type=product&#038;p=5355"},"modified":"2026-03-04T12:56:45","modified_gmt":"2026-03-04T12:56:45","slug":"suport-clatite-thepack-17x17x25-cm-100-buc","status":"publish","type":"product","link":"https:\/\/horecasupply.ro\/index.php\/product\/suport-clatite-thepack-17x17x25-cm-100-buc\/","title":{"rendered":"Suport cl\u0103tite \u201eThePack\u201d 17\u00d717\u00d72,5 cm (100 buc.)"},"content":{"rendered":"","protected":false},"excerpt":{"rendered":"<p data-start=\"105\" data-end=\"428\">Suporturile \u201eThePack\u201d 17\u00d717\u00d72,5 cm sunt realizate din carton nano-micro ondulat, o tehnologie modern\u0103 ce ofer\u0103 rezisten\u021b\u0103 superioar\u0103, greutate redus\u0103 \u0219i o izolare termic\u0103 mai bun\u0103. Datorit\u0103 structurii speciale nano-micro flute, ambalajul este mai rigid \u0219i men\u021bine temperatura produsului pentru mai mult timp.<\/p>\n<p data-start=\"432\" data-end=\"732\">Ideale pentru cl\u0103tite, deserturi, produse street food sau gust\u0103ri calde, aceste suporturi sunt potrivite pentru food truck-uri, cofet\u0103rii, patiserii \u0219i evenimente. Materialul este rezistent la ulei \u0219i gr\u0103simi, fiind sigur pentru contact alimentar \u0219i compatibil cu utilizarea \u00een cuptorul cu microunde.<\/p>\n<p data-start=\"736\" data-end=\"869\">Fabricate din carton reciclabil \u0219i biodegradabil, reprezint\u0103 o alegere practic\u0103 \u0219i responsabil\u0103 pentru afacerile din domeniul HoReCa.<\/p>\n<ul>\n<li><strong>Produs customizabil<\/strong><\/li>\n<\/ul>\n","protected":false},"featured_media":5358,"template":"","meta":[],"product_brand":[],"product_cat":[258],"product_tag":[499,498],"class_list":{"0":"post-5355","1":"product","2":"type-product","3":"status-publish","4":"has-post-thumbnail","6":"product_cat-consumabile","7":"product_tag-suport-carton-mancare","8":"product_tag-suport-fast-food","10":"first","11":"instock","12":"shipping-taxable","13":"purchasable","14":"product-type-variable"},"_links":{"self":[{"href":"https:\/\/horecasupply.ro\/index.php\/wp-json\/wp\/v2\/product\/5355","targetHints":{"allow":["GET"]}}],"collection":[{"href":"https:\/\/horecasupply.ro\/index.php\/wp-json\/wp\/v2\/product"}],"about":[{"href":"https:\/\/horecasupply.ro\/index.php\/wp-json\/wp\/v2\/types\/product"}],"version-history":[{"count":2,"href":"https:\/\/horecasupply.ro\/index.php\/wp-json\/wp\/v2\/product\/5355\/revisions"}],"predecessor-version":[{"id":5608,"href":"https:\/\/horecasupply.ro\/index.php\/wp-json\/wp\/v2\/product\/5355\/revisions\/5608"}],"wp:featuredmedia":[{"embeddable":true,"href":"https:\/\/horecasupply.ro\/index.php\/wp-json\/wp\/v2\/media\/5358"}],"wp:attachment":[{"href":"https:\/\/horecasupply.ro\/index.php\/wp-json\/wp\/v2\/media?parent=5355"}],"wp:term":[{"taxonomy":"product_brand","embeddable":true,"href":"https:\/\/horecasupply.ro\/index.php\/wp-json\/wp\/v2\/product_brand?post=5355"},{"taxonomy":"product_cat","embeddable":true,"href":"https:\/\/horecasupply.ro\/index.php\/wp-json\/wp\/v2\/product_cat?post=5355"},{"taxonomy":"product_tag","embeddable":true,"href":"https:\/\/horecasupply.ro\/index.php\/wp-json\/wp\/v2\/product_tag?post=5355"}],"curies":[{"name":"wp","href":"https:\/\/api.w.org\/{rel}","templated":true}]}}