{"id":5822,"date":"2026-04-07T11:24:25","date_gmt":"2026-04-07T11:24:25","guid":{"rendered":"https:\/\/horecasupply.ro\/?post_type=product&#038;p=5822"},"modified":"2026-04-07T11:30:44","modified_gmt":"2026-04-07T11:30:44","slug":"servetele-like-linen-double-face-70gsm-40x40cm-roz","status":"publish","type":"product","link":"https:\/\/horecasupply.ro\/index.php\/product\/servetele-like-linen-double-face-70gsm-40x40cm-roz\/","title":{"rendered":"\u0218erve\u021bele \u201eLike Linen\u201d Double Face 1\/4 pliate, Roz, 70 GSM, 40\u00d740 cm (50 buc.)"},"content":{"rendered":"","protected":false},"excerpt":{"rendered":"<p data-start=\"162\" data-end=\"528\">\u0218erve\u021belele \u201eLike Linen\u201d Double Face 1\/4 pliate, 70 GSM, 40\u00d740 cm, realizate din material spunlace de \u00eenalt\u0103 calitate (viscoz\u0103 \u0219i celuloz\u0103), ofer\u0103 o textur\u0103 premium, foarte apropiat\u0103 de cea a materialelor textile. Datorit\u0103 structurii speciale, acestea sunt extrem de rezistente at\u00e2t \u00een stare uscat\u0103, c\u00e2t \u0219i umed\u0103, p\u0103str\u00e2ndu-\u0219i forma \u0219i elegan\u021ba \u00een timpul utiliz\u0103rii.<\/p>\n<p data-start=\"530\" data-end=\"730\">Designul Double Face \u0219i nuan\u021ba roz pal adaug\u0103 un plus de rafinament \u0219i versatilitate, fiind ideale pentru restaurante, hoteluri \u0219i evenimente care doresc o prezentare sofisticat\u0103 a mesei.<\/p>\n<p data-start=\"732\" data-end=\"917\">Materialul spunlace asigur\u0103 o absorb\u021bie excelent\u0103 \u0219i un confort ridicat la atingere, fiind \u00een acela\u0219i timp biodegradabil \u0219i compostabil, conform standardelor moderne de sustenabilitate.<\/p>\n<ul>\n<li><strong>Produs customizabil<\/strong><\/li>\n<li><strong>Precomand\u0103<\/strong><\/li>\n<\/ul>\n","protected":false},"featured_media":5823,"template":"elementor_theme","meta":[],"product_brand":[],"product_cat":[258,259],"product_tag":[302,303],"class_list":{"0":"post-5822","1":"product","2":"type-product","3":"status-publish","4":"has-post-thumbnail","6":"product_cat-consumabile","7":"product_cat-servetele","8":"product_tag-servetele-masa","9":"product_tag-servetele-pentru-masa","11":"first","12":"onbackorder","13":"shipping-taxable","14":"purchasable","15":"product-type-simple"},"_links":{"self":[{"href":"https:\/\/horecasupply.ro\/index.php\/wp-json\/wp\/v2\/product\/5822","targetHints":{"allow":["GET"]}}],"collection":[{"href":"https:\/\/horecasupply.ro\/index.php\/wp-json\/wp\/v2\/product"}],"about":[{"href":"https:\/\/horecasupply.ro\/index.php\/wp-json\/wp\/v2\/types\/product"}],"version-history":[{"count":1,"href":"https:\/\/horecasupply.ro\/index.php\/wp-json\/wp\/v2\/product\/5822\/revisions"}],"predecessor-version":[{"id":5824,"href":"https:\/\/horecasupply.ro\/index.php\/wp-json\/wp\/v2\/product\/5822\/revisions\/5824"}],"wp:featuredmedia":[{"embeddable":true,"href":"https:\/\/horecasupply.ro\/index.php\/wp-json\/wp\/v2\/media\/5823"}],"wp:attachment":[{"href":"https:\/\/horecasupply.ro\/index.php\/wp-json\/wp\/v2\/media?parent=5822"}],"wp:term":[{"taxonomy":"product_brand","embeddable":true,"href":"https:\/\/horecasupply.ro\/index.php\/wp-json\/wp\/v2\/product_brand?post=5822"},{"taxonomy":"product_cat","embeddable":true,"href":"https:\/\/horecasupply.ro\/index.php\/wp-json\/wp\/v2\/product_cat?post=5822"},{"taxonomy":"product_tag","embeddable":true,"href":"https:\/\/horecasupply.ro\/index.php\/wp-json\/wp\/v2\/product_tag?post=5822"}],"curies":[{"name":"wp","href":"https:\/\/api.w.org\/{rel}","templated":true}]}}